{"id":1179,"date":"2025-09-25T10:49:54","date_gmt":"2025-09-25T08:49:54","guid":{"rendered":"https:\/\/jt-solarbau.de\/pie-de-imprenta\/"},"modified":"2026-02-26T18:52:47","modified_gmt":"2026-02-26T17:52:47","slug":"pie-de-imprenta","status":"publish","type":"page","link":"https:\/\/jt-solarbau.de\/es\/pie-de-imprenta\/","title":{"rendered":"Aviso legal"},"content":{"rendered":"\t\t<div data-elementor-type=\"wp-page\" data-elementor-id=\"1179\" class=\"elementor elementor-1179 elementor-847\" data-elementor-post-type=\"page\">\n\t\t\t\t<div class=\"elementor-element elementor-element-ed78875 e-flex e-con-boxed e-con e-parent\" data-id=\"ed78875\" data-element_type=\"container\" data-e-type=\"container\" data-settings=\"{&quot;background_background&quot;:&quot;classic&quot;}\">\n\t\t\t\t\t<div class=\"e-con-inner\">\n\t\t<div class=\"elementor-element elementor-element-7ffa367 e-con-full e-flex e-con e-child\" data-id=\"7ffa367\" data-element_type=\"container\" data-e-type=\"container\">\n\t\t<div class=\"elementor-element elementor-element-5a3f959 e-con-full e-flex e-con e-child\" data-id=\"5a3f959\" data-element_type=\"container\" data-e-type=\"container\">\n\t\t\t\t<div class=\"elementor-element elementor-element-0ca52ac elementor-widget__width-inherit elementor-widget-tablet__width-inherit elementor-widget-mobile__width-inherit elementor-widget elementor-widget-heading\" data-id=\"0ca52ac\" data-element_type=\"widget\" data-e-type=\"widget\" data-widget_type=\"heading.default\">\n\t\t\t\t\t<h1 class=\"elementor-heading-title elementor-size-default\">Aviso legal<\/h1>\t\t\t\t<\/div>\n\t\t\t\t<\/div>\n\t\t\t\t<\/div>\n\t\t\t\t\t<\/div>\n\t\t\t\t<\/div>\n\t\t<div class=\"elementor-element elementor-element-1ab69d4f e-flex e-con-boxed e-con e-parent\" data-id=\"1ab69d4f\" data-element_type=\"container\" data-e-type=\"container\">\n\t\t\t\t\t<div class=\"e-con-inner\">\n\t\t\t\t<div class=\"elementor-element elementor-element-122ce62b elementor-widget elementor-widget-text-editor\" data-id=\"122ce62b\" data-element_type=\"widget\" data-e-type=\"widget\" data-widget_type=\"text-editor.default\">\n\t\t\t\t\t\t\t\t\t\n<p>Informaci\u00f3n conforme al \u00a7 5 TMG:<\/p>\n\n<p>JT Solarbau GmbH<\/p>\n\n<p>Bonnstra\u00dfe 15<br>50226 Frechen (Alemania)<\/p>\n\n<p>Registro mercantil: HRB 94843<br>Tribunal de registro: Amtsgericht K\u00f6ln<\/p>\n\n<p>Representada por: Javier Pastor Teverga (Director General)<\/p>\n\n<p>Contacto<\/p>\n\n<p>Tel\u00e9fono: +49 (0) 2234 4300615<br>Correo electr\u00f3nico: info@jt-solarbau.de<\/p>\n\n<p>N\u00famero de identificaci\u00f3n a efectos del IVA (USt-IdNr.) conforme al \u00a7 27a UStG:<\/p>\n\n<p>DE323778161<\/p>\n\t\t\t\t\t\t\t\t<\/div>\n\t\t\t\t\t<\/div>\n\t\t\t\t<\/div>\n\t\t\t\t<\/div>\n\t\t","protected":false},"excerpt":{"rendered":"<p>Aviso legal Informaci\u00f3n conforme al \u00a7 5 TMG: JT Solarbau GmbH Bonnstra\u00dfe 1550226 Frechen (Alemania) Registro mercantil: HRB 94843Tribunal de registro: Amtsgericht K\u00f6ln Representada por: Javier Pastor Teverga (Director General) Contacto Tel\u00e9fono: +49 (0) 2234 4300615Correo electr\u00f3nico: info@jt-solarbau.de N\u00famero de identificaci\u00f3n a efectos del IVA (USt-IdNr.) conforme al \u00a7 27a UStG: DE323778161<\/p>\n","protected":false},"author":1,"featured_media":0,"parent":0,"menu_order":0,"comment_status":"closed","ping_status":"closed","template":"","meta":{"footnotes":""},"class_list":["post-1179","page","type-page","status-publish","hentry"],"_links":{"self":[{"href":"https:\/\/jt-solarbau.de\/es\/wp-json\/wp\/v2\/pages\/1179","targetHints":{"allow":["GET"]}}],"collection":[{"href":"https:\/\/jt-solarbau.de\/es\/wp-json\/wp\/v2\/pages"}],"about":[{"href":"https:\/\/jt-solarbau.de\/es\/wp-json\/wp\/v2\/types\/page"}],"author":[{"embeddable":true,"href":"https:\/\/jt-solarbau.de\/es\/wp-json\/wp\/v2\/users\/1"}],"replies":[{"embeddable":true,"href":"https:\/\/jt-solarbau.de\/es\/wp-json\/wp\/v2\/comments?post=1179"}],"version-history":[{"count":11,"href":"https:\/\/jt-solarbau.de\/es\/wp-json\/wp\/v2\/pages\/1179\/revisions"}],"predecessor-version":[{"id":1610,"href":"https:\/\/jt-solarbau.de\/es\/wp-json\/wp\/v2\/pages\/1179\/revisions\/1610"}],"wp:attachment":[{"href":"https:\/\/jt-solarbau.de\/es\/wp-json\/wp\/v2\/media?parent=1179"}],"curies":[{"name":"wp","href":"https:\/\/api.w.org\/{rel}","templated":true}]}}