{"id":1246,"date":"2025-08-20T16:34:14","date_gmt":"2025-08-20T14:34:14","guid":{"rendered":"https:\/\/jt-solarbau.de\/referencias\/"},"modified":"2026-02-26T20:17:15","modified_gmt":"2026-02-26T19:17:15","slug":"referencias","status":"publish","type":"page","link":"https:\/\/jt-solarbau.de\/es\/referencias\/","title":{"rendered":"Referencias"},"content":{"rendered":"\t\t<div data-elementor-type=\"wp-page\" data-elementor-id=\"1246\" class=\"elementor elementor-1246 elementor-476\" data-elementor-post-type=\"page\">\n\t\t\t\t<div class=\"elementor-element elementor-element-ed9dc6e e-flex e-con-boxed e-con e-parent\" data-id=\"ed9dc6e\" data-element_type=\"container\" data-e-type=\"container\" data-settings=\"{&quot;background_background&quot;:&quot;classic&quot;}\">\n\t\t\t\t\t<div class=\"e-con-inner\">\n\t\t<div class=\"elementor-element elementor-element-1318e33 e-con-full e-flex e-con e-child\" data-id=\"1318e33\" data-element_type=\"container\" data-e-type=\"container\">\n\t\t<div class=\"elementor-element elementor-element-a606fcb e-con-full e-flex e-con e-child\" data-id=\"a606fcb\" data-element_type=\"container\" data-e-type=\"container\">\n\t\t\t\t<div class=\"elementor-element elementor-element-6eaad3b elementor-widget elementor-widget-text-editor\" data-id=\"6eaad3b\" data-element_type=\"widget\" data-e-type=\"widget\" data-widget_type=\"text-editor.default\">\n\t\t\t\t\t\t\t\t\t<p>Referencias<\/p>\t\t\t\t\t\t\t\t<\/div>\n\t\t\t\t<div class=\"elementor-element elementor-element-7754f37 elementor-widget__width-inherit elementor-widget-tablet__width-inherit elementor-widget-mobile__width-inherit elementor-widget elementor-widget-heading\" data-id=\"7754f37\" data-element_type=\"widget\" data-e-type=\"widget\" data-widget_type=\"heading.default\">\n\t\t\t\t\t<h1 class=\"elementor-heading-title elementor-size-default\">Experiencia que ofrece resultados fiables.<\/h1>\t\t\t\t<\/div>\n\t\t\t\t<div class=\"elementor-element elementor-element-25d8167 elementor-widget__width-inherit elementor-widget-tablet__width-initial elementor-widget-mobile__width-inherit elementor-widget elementor-widget-text-editor\" data-id=\"25d8167\" data-element_type=\"widget\" data-e-type=\"widget\" data-widget_type=\"text-editor.default\">\n\t\t\t\t\t\t\t\t\t<p>El \u00e9xito de un proyecto fotovoltaico no es casualidad. Es el resultado de una planificaci\u00f3n minuciosa, una ejecuci\u00f3n precisa y un control de calidad constante. Descubra una selecci\u00f3n de nuestras instalaciones ejecutadas \u2014desde cubiertas comerciales hasta instalaciones en suelo\u2014 y compruebe usted mismo nuestra calidad de ejecuci\u00f3n.  <\/p>\t\t\t\t\t\t\t\t<\/div>\n\t\t\t\t<\/div>\n\t\t\t\t<\/div>\n\t\t\t\t\t<\/div>\n\t\t\t\t<\/div>\n\t\t<div class=\"elementor-element elementor-element-7dd3186 e-flex e-con-boxed e-con e-parent\" data-id=\"7dd3186\" data-element_type=\"container\" data-e-type=\"container\" data-settings=\"{&quot;background_background&quot;:&quot;classic&quot;}\">\n\t\t\t\t\t<div class=\"e-con-inner\">\n\t\t\t\t<div class=\"elementor-element elementor-element-7b22efb elementor-widget elementor-widget-heading\" data-id=\"7b22efb\" data-element_type=\"widget\" data-e-type=\"widget\" data-widget_type=\"heading.default\">\n\t\t\t\t\t<h2 class=\"elementor-heading-title elementor-size-default\">Selecci\u00f3n de proyectos<\/h2>\t\t\t\t<\/div>\n\t\t\t\t<div class=\"elementor-element elementor-element-b4550f6 elementor-widget-divider--view-line elementor-widget elementor-widget-divider\" data-id=\"b4550f6\" data-element_type=\"widget\" data-e-type=\"widget\" data-widget_type=\"divider.default\">\n\t\t\t\t\t\t\t<div class=\"elementor-divider\">\n\t\t\t<span class=\"elementor-divider-separator\">\n\t\t\t\t\t\t<\/span>\n\t\t<\/div>\n\t\t\t\t\t\t<\/div>\n\t\t\t\t\t<\/div>\n\t\t\t\t<\/div>\n\t\t<div class=\"elementor-element elementor-element-3431ac5 e-grid e-con-boxed e-con e-child\" data-id=\"3431ac5\" data-element_type=\"container\" data-e-type=\"container\">\n\t\t\t\t\t<div class=\"e-con-inner\">\n\t\t\t\t<div class=\"elementor-element elementor-element-98496dc elementor-position-top elementor-widget elementor-widget-image-box\" data-id=\"98496dc\" data-element_type=\"widget\" data-e-type=\"widget\" data-widget_type=\"image-box.default\">\n\t\t\t\t\t<div class=\"elementor-image-box-wrapper\"><figure class=\"elementor-image-box-img\"><img fetchpriority=\"high\" decoding=\"async\" width=\"600\" height=\"353\" src=\"https:\/\/jt-solarbau.de\/wp-content\/uploads\/2025\/08\/8-PV-ANlage-LANGENTHAL-55569-LANGENTHAL-BAD-KREUZNACH-RHEINLAND-PFALZ-PHOTOVOLTAI-KAN-LAGE-ANLAGENART-Fre-1.webp\" class=\"attachment-full size-full wp-image-1264\" alt=\"\" srcset=\"https:\/\/jt-solarbau.de\/wp-content\/uploads\/2025\/08\/8-PV-ANlage-LANGENTHAL-55569-LANGENTHAL-BAD-KREUZNACH-RHEINLAND-PFALZ-PHOTOVOLTAI-KAN-LAGE-ANLAGENART-Fre-1.webp 600w, https:\/\/jt-solarbau.de\/wp-content\/uploads\/2025\/08\/8-PV-ANlage-LANGENTHAL-55569-LANGENTHAL-BAD-KREUZNACH-RHEINLAND-PFALZ-PHOTOVOLTAI-KAN-LAGE-ANLAGENART-Fre-1-300x177.webp 300w\" sizes=\"(max-width: 600px) 100vw, 600px\" \/><\/figure><div class=\"elementor-image-box-content\"><h3 class=\"elementor-image-box-title\">Instalaci\u00f3n fotovoltaica Langenthal<\/h3><p class=\"elementor-image-box-description\">Bad Kreuznach (Renania-Palatinado)<br>Instalaci\u00f3n en suelo, aprox. 13.000 kWp<\/p><\/div><\/div>\t\t\t\t<\/div>\n\t\t\t\t<div class=\"elementor-element elementor-element-5a2527e elementor-position-top elementor-widget elementor-widget-image-box\" data-id=\"5a2527e\" data-element_type=\"widget\" data-e-type=\"widget\" data-widget_type=\"image-box.default\">\n\t\t\t\t\t<div class=\"elementor-image-box-wrapper\"><figure class=\"elementor-image-box-img\"><img decoding=\"async\" width=\"600\" height=\"354\" src=\"https:\/\/jt-solarbau.de\/wp-content\/uploads\/2025\/08\/1-PHOTOVOLTAIKANLAGE-EGGERS-21039-HAMBURG-HERZOGENTUM-LAUENBURG-HAMBURG-DACHANLAGE-1185-kWp-1.webp\" class=\"attachment-full size-full wp-image-1266\" alt=\"\" srcset=\"https:\/\/jt-solarbau.de\/wp-content\/uploads\/2025\/08\/1-PHOTOVOLTAIKANLAGE-EGGERS-21039-HAMBURG-HERZOGENTUM-LAUENBURG-HAMBURG-DACHANLAGE-1185-kWp-1.webp 600w, https:\/\/jt-solarbau.de\/wp-content\/uploads\/2025\/08\/1-PHOTOVOLTAIKANLAGE-EGGERS-21039-HAMBURG-HERZOGENTUM-LAUENBURG-HAMBURG-DACHANLAGE-1185-kWp-1-300x177.webp 300w\" sizes=\"(max-width: 600px) 100vw, 600px\" \/><\/figure><div class=\"elementor-image-box-content\"><h3 class=\"elementor-image-box-title\">Instalaci\u00f3n fotovoltaica Eggers<\/h3><p class=\"elementor-image-box-description\">Ducado de Lauenburg (Hamburgo)<br>Instalaci\u00f3n en cubierta, aprox. 1.185 kWp<\/p><\/div><\/div>\t\t\t\t<\/div>\n\t\t\t\t<div class=\"elementor-element elementor-element-0821cd9 elementor-position-top elementor-widget elementor-widget-image-box\" data-id=\"0821cd9\" data-element_type=\"widget\" data-e-type=\"widget\" data-widget_type=\"image-box.default\">\n\t\t\t\t\t<div class=\"elementor-image-box-wrapper\"><figure class=\"elementor-image-box-img\"><img decoding=\"async\" width=\"600\" height=\"347\" src=\"https:\/\/jt-solarbau.de\/wp-content\/uploads\/2025\/08\/9-GLEUEL-50354-HUeRTH-RHEIN-ERFT-KREIS-NORDRHEIN-WESTFALEN-PHOTOVOLTAI-KAN-LAGE-ANLAGENART-Freiflaechenanlag-1.webp\" class=\"attachment-full size-full wp-image-1268\" alt=\"\" srcset=\"https:\/\/jt-solarbau.de\/wp-content\/uploads\/2025\/08\/9-GLEUEL-50354-HUeRTH-RHEIN-ERFT-KREIS-NORDRHEIN-WESTFALEN-PHOTOVOLTAI-KAN-LAGE-ANLAGENART-Freiflaechenanlag-1.webp 600w, https:\/\/jt-solarbau.de\/wp-content\/uploads\/2025\/08\/9-GLEUEL-50354-HUeRTH-RHEIN-ERFT-KREIS-NORDRHEIN-WESTFALEN-PHOTOVOLTAI-KAN-LAGE-ANLAGENART-Freiflaechenanlag-1-300x174.webp 300w\" sizes=\"(max-width: 600px) 100vw, 600px\" \/><\/figure><div class=\"elementor-image-box-content\"><h3 class=\"elementor-image-box-title\">Instalaci\u00f3n fotovoltaica Gleuel<\/h3><p class=\"elementor-image-box-description\">Distrito de Rhine-Erft (Renania del Norte-Westfalia)<br>Instalaci\u00f3n en suelo, aprox. 24.000 kWp<\/p><\/div><\/div>\t\t\t\t<\/div>\n\t\t\t\t<div class=\"elementor-element elementor-element-45d9322 elementor-position-top elementor-widget elementor-widget-image-box\" data-id=\"45d9322\" data-element_type=\"widget\" data-e-type=\"widget\" data-widget_type=\"image-box.default\">\n\t\t\t\t\t<div class=\"elementor-image-box-wrapper\"><figure class=\"elementor-image-box-img\"><img loading=\"lazy\" decoding=\"async\" width=\"600\" height=\"353\" src=\"https:\/\/jt-solarbau.de\/wp-content\/uploads\/2025\/08\/7-Photovoltaikanlage-HOCHSTETTEN-55618-DHAUN-BAD-KREUZNACH-RHEINLAND-PFALZ-PHOTOVOLTAI-KAN-LAGE-ANLAGENART-1.webp\" class=\"attachment-full size-full wp-image-1270\" alt=\"\" srcset=\"https:\/\/jt-solarbau.de\/wp-content\/uploads\/2025\/08\/7-Photovoltaikanlage-HOCHSTETTEN-55618-DHAUN-BAD-KREUZNACH-RHEINLAND-PFALZ-PHOTOVOLTAI-KAN-LAGE-ANLAGENART-1.webp 600w, https:\/\/jt-solarbau.de\/wp-content\/uploads\/2025\/08\/7-Photovoltaikanlage-HOCHSTETTEN-55618-DHAUN-BAD-KREUZNACH-RHEINLAND-PFALZ-PHOTOVOLTAI-KAN-LAGE-ANLAGENART-1-300x177.webp 300w\" sizes=\"(max-width: 600px) 100vw, 600px\" \/><\/figure><div class=\"elementor-image-box-content\"><h3 class=\"elementor-image-box-title\">Instalaci\u00f3n fotovoltaica Hochstetten<\/h3><p class=\"elementor-image-box-description\">Bad Kreuznach (Renania-Palatinado)<br>Instalaci\u00f3n en suelo, aprox. 23.400 kWp<\/p><\/div><\/div>\t\t\t\t<\/div>\n\t\t\t\t<div class=\"elementor-element elementor-element-e7bb3d5 elementor-position-top elementor-widget elementor-widget-image-box\" data-id=\"e7bb3d5\" data-element_type=\"widget\" data-e-type=\"widget\" data-widget_type=\"image-box.default\">\n\t\t\t\t\t<div class=\"elementor-image-box-wrapper\"><figure class=\"elementor-image-box-img\"><img loading=\"lazy\" decoding=\"async\" width=\"600\" height=\"353\" src=\"https:\/\/jt-solarbau.de\/wp-content\/uploads\/2025\/08\/11-MOeNCHENGLADBACH-41189-WICKRATH-MOeNCHENGLADBACH-NORDRHEIN-WESTFALEN-DACHANLAGE-CA.-3200-KWP-1.webp\" class=\"attachment-full size-full wp-image-1272\" alt=\"\" srcset=\"https:\/\/jt-solarbau.de\/wp-content\/uploads\/2025\/08\/11-MOeNCHENGLADBACH-41189-WICKRATH-MOeNCHENGLADBACH-NORDRHEIN-WESTFALEN-DACHANLAGE-CA.-3200-KWP-1.webp 600w, https:\/\/jt-solarbau.de\/wp-content\/uploads\/2025\/08\/11-MOeNCHENGLADBACH-41189-WICKRATH-MOeNCHENGLADBACH-NORDRHEIN-WESTFALEN-DACHANLAGE-CA.-3200-KWP-1-300x177.webp 300w\" sizes=\"(max-width: 600px) 100vw, 600px\" \/><\/figure><div class=\"elementor-image-box-content\"><h3 class=\"elementor-image-box-title\">Instalaci\u00f3n fotovoltaica M\u00f6nchengladbach<\/h3><p class=\"elementor-image-box-description\">Wickrath (Renania del Norte-Westfalia)<br>Instalaci\u00f3n en cubierta, aprox. 3.200 kWp<\/p><\/div><\/div>\t\t\t\t<\/div>\n\t\t\t\t<div class=\"elementor-element elementor-element-9bc8b07 elementor-position-top elementor-widget elementor-widget-image-box\" data-id=\"9bc8b07\" data-element_type=\"widget\" data-e-type=\"widget\" data-widget_type=\"image-box.default\">\n\t\t\t\t\t<div class=\"elementor-image-box-wrapper\"><figure class=\"elementor-image-box-img\"><img loading=\"lazy\" decoding=\"async\" width=\"600\" height=\"357\" src=\"https:\/\/jt-solarbau.de\/wp-content\/uploads\/2025\/08\/3-KOeNITZ-07333-UNTERWELLENBORN-SAALFELD-RUDOLSTADT-THUeRINGEN-DACHANLAGE-ca.-1400-KWP-1.webp\" class=\"attachment-full size-full wp-image-1274\" alt=\"\" srcset=\"https:\/\/jt-solarbau.de\/wp-content\/uploads\/2025\/08\/3-KOeNITZ-07333-UNTERWELLENBORN-SAALFELD-RUDOLSTADT-THUeRINGEN-DACHANLAGE-ca.-1400-KWP-1.webp 600w, https:\/\/jt-solarbau.de\/wp-content\/uploads\/2025\/08\/3-KOeNITZ-07333-UNTERWELLENBORN-SAALFELD-RUDOLSTADT-THUeRINGEN-DACHANLAGE-ca.-1400-KWP-1-300x179.webp 300w\" sizes=\"(max-width: 600px) 100vw, 600px\" \/><\/figure><div class=\"elementor-image-box-content\"><h3 class=\"elementor-image-box-title\">Instalaci\u00f3n fotovoltaica K\u00f6nitz<\/h3><p class=\"elementor-image-box-description\">Saalfeld-Rudolfstadt (Turingia)<br>Instalaci\u00f3n en cubierta, aprox. 1.400 kWp<\/p><\/div><\/div>\t\t\t\t<\/div>\n\t\t\t\t<div class=\"elementor-element elementor-element-10f88a9 elementor-position-top elementor-widget elementor-widget-image-box\" data-id=\"10f88a9\" data-element_type=\"widget\" data-e-type=\"widget\" data-widget_type=\"image-box.default\">\n\t\t\t\t\t<div class=\"elementor-image-box-wrapper\"><figure class=\"elementor-image-box-img\"><img loading=\"lazy\" decoding=\"async\" width=\"600\" height=\"357\" src=\"https:\/\/jt-solarbau.de\/wp-content\/uploads\/2025\/08\/2-PHOTOVOLTAIKANLAGE-56751-EINIG-MAYEN-KOBLENZ-Rheinland-PFalz-Freiflaechenanlage-180-kWp.webp\" class=\"attachment-full size-full wp-image-1253\" alt=\"\" srcset=\"https:\/\/jt-solarbau.de\/wp-content\/uploads\/2025\/08\/2-PHOTOVOLTAIKANLAGE-56751-EINIG-MAYEN-KOBLENZ-Rheinland-PFalz-Freiflaechenanlage-180-kWp.webp 600w, https:\/\/jt-solarbau.de\/wp-content\/uploads\/2025\/08\/2-PHOTOVOLTAIKANLAGE-56751-EINIG-MAYEN-KOBLENZ-Rheinland-PFalz-Freiflaechenanlage-180-kWp-300x179.webp 300w\" sizes=\"(max-width: 600px) 100vw, 600px\" \/><\/figure><div class=\"elementor-image-box-content\"><h3 class=\"elementor-image-box-title\">Instalaci\u00f3n fotovoltaica Einig<\/h3><p class=\"elementor-image-box-description\">Mayen-Koblenz (Renania-Palatinado)<br>Instalaci\u00f3n en suelo, aprox. 180 kWp<\/p><\/div><\/div>\t\t\t\t<\/div>\n\t\t\t\t<div class=\"elementor-element elementor-element-64da888 elementor-position-top elementor-widget elementor-widget-image-box\" data-id=\"64da888\" data-element_type=\"widget\" data-e-type=\"widget\" data-widget_type=\"image-box.default\">\n\t\t\t\t\t<div class=\"elementor-image-box-wrapper\"><figure class=\"elementor-image-box-img\"><img loading=\"lazy\" decoding=\"async\" width=\"600\" height=\"357\" src=\"https:\/\/jt-solarbau.de\/wp-content\/uploads\/2025\/08\/4-GRAeNINGEN-14715-NENNHAUSEN-HAVELLAND-BRANDENBURG-DACHANLAGE-CA.-340-KWP.webp\" class=\"attachment-full size-full wp-image-1255\" alt=\"\" srcset=\"https:\/\/jt-solarbau.de\/wp-content\/uploads\/2025\/08\/4-GRAeNINGEN-14715-NENNHAUSEN-HAVELLAND-BRANDENBURG-DACHANLAGE-CA.-340-KWP.webp 600w, https:\/\/jt-solarbau.de\/wp-content\/uploads\/2025\/08\/4-GRAeNINGEN-14715-NENNHAUSEN-HAVELLAND-BRANDENBURG-DACHANLAGE-CA.-340-KWP-300x179.webp 300w\" sizes=\"(max-width: 600px) 100vw, 600px\" \/><\/figure><div class=\"elementor-image-box-content\"><h3 class=\"elementor-image-box-title\">Instalaci\u00f3n fotovoltaica Gr\u00e4ningen<\/h3><p class=\"elementor-image-box-description\">Havelland (Brandemburgo)<br>Instalaci\u00f3n en cubierta, aprox. 340 kWp<\/p><\/div><\/div>\t\t\t\t<\/div>\n\t\t\t\t<div class=\"elementor-element elementor-element-f3d935b elementor-position-top elementor-widget elementor-widget-image-box\" data-id=\"f3d935b\" data-element_type=\"widget\" data-e-type=\"widget\" data-widget_type=\"image-box.default\">\n\t\t\t\t\t<div class=\"elementor-image-box-wrapper\"><figure class=\"elementor-image-box-img\"><img loading=\"lazy\" decoding=\"async\" width=\"600\" height=\"357\" src=\"https:\/\/jt-solarbau.de\/wp-content\/uploads\/2025\/08\/5-ZEITHAIN-01619-ZEITHAIN-MEISSEN-SACHSEN-DACHANLAGE-CA.-230-KWP.webp\" class=\"attachment-full size-full wp-image-1257\" alt=\"\" srcset=\"https:\/\/jt-solarbau.de\/wp-content\/uploads\/2025\/08\/5-ZEITHAIN-01619-ZEITHAIN-MEISSEN-SACHSEN-DACHANLAGE-CA.-230-KWP.webp 600w, https:\/\/jt-solarbau.de\/wp-content\/uploads\/2025\/08\/5-ZEITHAIN-01619-ZEITHAIN-MEISSEN-SACHSEN-DACHANLAGE-CA.-230-KWP-300x179.webp 300w\" sizes=\"(max-width: 600px) 100vw, 600px\" \/><\/figure><div class=\"elementor-image-box-content\"><h3 class=\"elementor-image-box-title\">Instalaci\u00f3n fotovoltaica Zeithain<\/h3><p class=\"elementor-image-box-description\">Meissen (Sajonia)<br>Instalaci\u00f3n en cubierta, aprox. 230 kWp<\/p><\/div><\/div>\t\t\t\t<\/div>\n\t\t\t\t<div class=\"elementor-element elementor-element-a8eacd7 elementor-position-top elementor-widget elementor-widget-image-box\" data-id=\"a8eacd7\" data-element_type=\"widget\" data-e-type=\"widget\" data-widget_type=\"image-box.default\">\n\t\t\t\t\t<div class=\"elementor-image-box-wrapper\"><figure class=\"elementor-image-box-img\"><img loading=\"lazy\" decoding=\"async\" width=\"600\" height=\"357\" src=\"https:\/\/jt-solarbau.de\/wp-content\/uploads\/2025\/08\/6-MILTITZ-01665-KLIPPHAUSEN-MEISSEN-SACHSEN-DACHANLAGE-CA.-627-KWP.webp\" class=\"attachment-full size-full wp-image-1259\" alt=\"\" srcset=\"https:\/\/jt-solarbau.de\/wp-content\/uploads\/2025\/08\/6-MILTITZ-01665-KLIPPHAUSEN-MEISSEN-SACHSEN-DACHANLAGE-CA.-627-KWP.webp 600w, https:\/\/jt-solarbau.de\/wp-content\/uploads\/2025\/08\/6-MILTITZ-01665-KLIPPHAUSEN-MEISSEN-SACHSEN-DACHANLAGE-CA.-627-KWP-300x179.webp 300w\" sizes=\"(max-width: 600px) 100vw, 600px\" \/><\/figure><div class=\"elementor-image-box-content\"><h3 class=\"elementor-image-box-title\">Instalaci\u00f3n fotovoltaica Militz<\/h3><p class=\"elementor-image-box-description\">Klipphausen (Sajonia)<br>Instalaci\u00f3n en cubierta, aprox. 627 kWp<\/p><\/div><\/div>\t\t\t\t<\/div>\n\t\t\t\t<div class=\"elementor-element elementor-element-838953e elementor-position-top elementor-widget elementor-widget-image-box\" data-id=\"838953e\" data-element_type=\"widget\" data-e-type=\"widget\" data-widget_type=\"image-box.default\">\n\t\t\t\t\t<div class=\"elementor-image-box-wrapper\"><figure class=\"elementor-image-box-img\"><img loading=\"lazy\" decoding=\"async\" width=\"600\" height=\"353\" src=\"https:\/\/jt-solarbau.de\/wp-content\/uploads\/2025\/08\/10-WIESMOOR-26639-WIESMOOR-AURICH-NIEDERSACHSEN-DACHANLAGE-CA.-1400-KWP.webp\" class=\"attachment-full size-full wp-image-1251\" alt=\"\" srcset=\"https:\/\/jt-solarbau.de\/wp-content\/uploads\/2025\/08\/10-WIESMOOR-26639-WIESMOOR-AURICH-NIEDERSACHSEN-DACHANLAGE-CA.-1400-KWP.webp 600w, https:\/\/jt-solarbau.de\/wp-content\/uploads\/2025\/08\/10-WIESMOOR-26639-WIESMOOR-AURICH-NIEDERSACHSEN-DACHANLAGE-CA.-1400-KWP-300x177.webp 300w\" sizes=\"(max-width: 600px) 100vw, 600px\" \/><\/figure><div class=\"elementor-image-box-content\"><h3 class=\"elementor-image-box-title\">Instalaci\u00f3n fotovoltaica Wiesmoor<\/h3><p class=\"elementor-image-box-description\">Aurich (Baja Sajonia)<br>Instalaci\u00f3n en cubierta, aprox. 1.400 kWp<\/p><\/div><\/div>\t\t\t\t<\/div>\n\t\t<div class=\"elementor-element elementor-element-5730de2 e-con-full e-flex e-con e-child\" data-id=\"5730de2\" data-element_type=\"container\" data-e-type=\"container\">\n\t\t\t\t<div class=\"elementor-element elementor-element-d1b5712 elementor-widget elementor-widget-heading\" data-id=\"d1b5712\" data-element_type=\"widget\" data-e-type=\"widget\" data-widget_type=\"heading.default\">\n\t\t\t\t\t<h2 class=\"elementor-heading-title elementor-size-default\">\u00bfTiene alguna pregunta?<\/h2>\t\t\t\t<\/div>\n\t\t\t\t<div class=\"elementor-element elementor-element-daa3d25 elementor-widget elementor-widget-text-editor\" data-id=\"daa3d25\" data-element_type=\"widget\" data-e-type=\"widget\" data-widget_type=\"text-editor.default\">\n\t\t\t\t\t\t\t\t\t<p>Estaremos encantados de ayudarle con su proyecto.<\/p><p>Nuestro asesoramiento es totalmente transparente y se adapta con precisi\u00f3n a su situaci\u00f3n \u2014 solo recomendamos lo que realmente necesita.<\/p>\t\t\t\t\t\t\t\t<\/div>\n\t\t\t\t<div class=\"elementor-element elementor-element-4d17730 elementor-widget elementor-widget-button\" data-id=\"4d17730\" data-element_type=\"widget\" data-e-type=\"widget\" data-widget_type=\"button.default\">\n\t\t\t\t\t\t\t\t\t\t<a class=\"elementor-button elementor-button-link elementor-size-sm\" href=\"https:\/\/jt-solarbau.de\/es\/contacta-con-nosotros\/\">\n\t\t\t\t\t\t<span class=\"elementor-button-content-wrapper\">\n\t\t\t\t\t\t\t\t\t<span class=\"elementor-button-text\">P\u00f3ngase en contacto con nosotros<\/span>\n\t\t\t\t\t<\/span>\n\t\t\t\t\t<\/a>\n\t\t\t\t\t\t\t\t<\/div>\n\t\t\t\t<\/div>\n\t\t\t\t\t<\/div>\n\t\t\t\t<\/div>\n\t\t\t\t<\/div>\n\t\t","protected":false},"excerpt":{"rendered":"<p>Referencias Experiencia que ofrece resultados fiables. El \u00e9xito de un proyecto fotovoltaico no es casualidad. Es el resultado de una planificaci\u00f3n minuciosa, una ejecuci\u00f3n precisa y un control de calidad constante. Descubra una selecci\u00f3n de nuestras instalaciones ejecutadas \u2014desde cubiertas comerciales hasta instalaciones en suelo\u2014 y compruebe usted mismo nuestra calidad de ejecuci\u00f3n. Selecci\u00f3n de [&hellip;]<\/p>\n","protected":false},"author":1,"featured_media":0,"parent":0,"menu_order":0,"comment_status":"closed","ping_status":"closed","template":"","meta":{"footnotes":""},"class_list":["post-1246","page","type-page","status-publish","hentry"],"_links":{"self":[{"href":"https:\/\/jt-solarbau.de\/es\/wp-json\/wp\/v2\/pages\/1246","targetHints":{"allow":["GET"]}}],"collection":[{"href":"https:\/\/jt-solarbau.de\/es\/wp-json\/wp\/v2\/pages"}],"about":[{"href":"https:\/\/jt-solarbau.de\/es\/wp-json\/wp\/v2\/types\/page"}],"author":[{"embeddable":true,"href":"https:\/\/jt-solarbau.de\/es\/wp-json\/wp\/v2\/users\/1"}],"replies":[{"embeddable":true,"href":"https:\/\/jt-solarbau.de\/es\/wp-json\/wp\/v2\/comments?post=1246"}],"version-history":[{"count":5,"href":"https:\/\/jt-solarbau.de\/es\/wp-json\/wp\/v2\/pages\/1246\/revisions"}],"predecessor-version":[{"id":1628,"href":"https:\/\/jt-solarbau.de\/es\/wp-json\/wp\/v2\/pages\/1246\/revisions\/1628"}],"wp:attachment":[{"href":"https:\/\/jt-solarbau.de\/es\/wp-json\/wp\/v2\/media?parent=1246"}],"curies":[{"name":"wp","href":"https:\/\/api.w.org\/{rel}","templated":true}]}}