{"id":1305,"date":"2025-09-25T10:49:35","date_gmt":"2025-09-25T08:49:35","guid":{"rendered":"https:\/\/jt-solarbau.de\/proteccion-de-datos\/"},"modified":"2026-02-26T19:02:41","modified_gmt":"2026-02-26T18:02:41","slug":"proteccion-de-datos","status":"publish","type":"page","link":"https:\/\/jt-solarbau.de\/es\/proteccion-de-datos\/","title":{"rendered":"Protecci\u00f3n de datos"},"content":{"rendered":"\t\t<div data-elementor-type=\"wp-page\" data-elementor-id=\"1305\" class=\"elementor elementor-1305 elementor-845\" data-elementor-post-type=\"page\">\n\t\t\t\t<div class=\"elementor-element elementor-element-5d95219 e-flex e-con-boxed e-con e-parent\" data-id=\"5d95219\" data-element_type=\"container\" data-e-type=\"container\" data-settings=\"{&quot;background_background&quot;:&quot;classic&quot;}\">\n\t\t\t\t\t<div class=\"e-con-inner\">\n\t\t<div class=\"elementor-element elementor-element-a6d96bb e-con-full e-flex e-con e-child\" data-id=\"a6d96bb\" data-element_type=\"container\" data-e-type=\"container\">\n\t\t<div class=\"elementor-element elementor-element-845684f e-con-full e-flex e-con e-child\" data-id=\"845684f\" data-element_type=\"container\" data-e-type=\"container\">\n\t\t\t\t<div class=\"elementor-element elementor-element-e14e9b8 elementor-widget__width-inherit elementor-widget-tablet__width-inherit elementor-widget-mobile__width-inherit elementor-widget elementor-widget-heading\" data-id=\"e14e9b8\" data-element_type=\"widget\" data-e-type=\"widget\" data-widget_type=\"heading.default\">\n\t\t\t\t\t<h1 class=\"elementor-heading-title elementor-size-default\">Protecci\u00f3n de datos<\/h1>\t\t\t\t<\/div>\n\t\t\t\t<\/div>\n\t\t\t\t<\/div>\n\t\t\t\t\t<\/div>\n\t\t\t\t<\/div>\n\t\t<div class=\"elementor-element elementor-element-1ac247fc e-flex e-con-boxed e-con e-parent\" data-id=\"1ac247fc\" data-element_type=\"container\" data-e-type=\"container\">\n\t\t\t\t\t<div class=\"e-con-inner\">\n\t\t\t\t<div class=\"elementor-element elementor-element-117988eb elementor-widget elementor-widget-text-editor\" data-id=\"117988eb\" data-element_type=\"widget\" data-e-type=\"widget\" data-widget_type=\"text-editor.default\">\n\t\t\t\t\t\t\t\t\t\n<h3 class=\"wp-block-heading\">Informaci\u00f3n general<\/h3>\n\n<p>La presente pol\u00edtica de privacidad tiene por objeto informar a los usuarios de este sitio web sobre el tipo, el alcance y la finalidad de la recogida y el uso de datos personales por parte del operador del sitio web, Javier Pastor Teverga.<\/p>\n\n<p>El operador del sitio web se toma muy en serio la protecci\u00f3n de sus datos y trata sus datos personales de forma confidencial y de conformidad con las disposiciones legales. Dado que las nuevas tecnolog\u00edas y el desarrollo continuo de este sitio web pueden dar lugar a cambios en esta declaraci\u00f3n de protecci\u00f3n de datos, le recomendamos que vuelva a leerla peri\u00f3dicamente. <\/p>\n\n<p>Las definiciones de los t\u00e9rminos utilizados (por ejemplo, \u201cdatos personales\u201d o \u201ctratamiento\u201d) se encuentran en el art. 4 del RGPD (GDPR).<\/p>\n\n<h3 class=\"wp-block-heading\">Datos de acceso<\/h3>\n\n<p>Nosotros, el operador del sitio web o el proveedor de alojamiento, recopilamos datos sobre el acceso al sitio web sobre la base de nuestro inter\u00e9s leg\u00edtimo (v\u00e9ase el art. 6, apdo. 1, letra f del RGPD) y los almacenamos como \u201carchivos de registro del servidor\u201d en el servidor del sitio web. De este modo se registran los siguientes datos: <\/p>\n\n<p>\u2013 Sitio web visitado<br>\u2013 Hora en el momento del acceso<br>\u2013 Cantidad de datos enviados en bytes<br>\u2013 Fuente\/referencia desde la que accedi\u00f3 a la p\u00e1gina<br>\u2013 Navegador utilizado<br>\u2013 Sistema operativo utilizado<br>\u2013 Direcci\u00f3n IP utilizada<\/p>\n\n<p>Los archivos de registro del servidor se almacenan durante un m\u00e1ximo de 7 d\u00edas y luego se borran. Los datos se almacenan por razones de seguridad, por ejemplo, para poder aclarar casos de uso indebido. Si los datos deben conservarse por razones probatorias, quedar\u00e1n excluidos de la eliminaci\u00f3n hasta que el incidente se haya aclarado definitivamente.  <\/p>\n\n<h3 class=\"wp-block-heading\">Cookies<\/h3>\n\n<p>Este sitio web utiliza cookies. Las cookies son peque\u00f1os archivos que se almacenan en su dispositivo terminal. Su navegador accede a estos archivos. El uso de cookies aumenta la facilidad de uso y la seguridad de este sitio web.   <\/p>\n\n<p>Los navegadores habituales ofrecen la opci\u00f3n de configuraci\u00f3n de no permitir cookies. Nota: No se garantiza que pueda acceder a todas las funciones de este sitio web sin restricciones si realiza los ajustes adecuados. <\/p>\n\n<h3 class=\"wp-block-heading\">Recogida y tratamiento de datos personales<\/h3>\n\n<p>El operador del sitio web solo recopila, utiliza y transmite sus datos personales si lo permite la ley o si usted da su consentimiento para la recogida de datos.<br>Los datos personales son toda la informaci\u00f3n que puede utilizarse para identificarle personalmente y que puede rastrearse hasta usted, por ejemplo, su nombre, direcci\u00f3n de correo electr\u00f3nico y n\u00famero de tel\u00e9fono.<\/p>\n\n<p>Tambi\u00e9n puede visitar este sitio web sin proporcionar ning\u00fan dato personal. Sin embargo, para mejorar nuestros servicios en l\u00ednea, almacenamos sus datos de acceso a este sitio web (sin referencia personal). Estos datos de acceso incluyen, por ejemplo, el archivo que usted ha solicitado o el nombre de su proveedor de Internet. Al anonimizar los datos, no es posible extraer conclusiones sobre su persona.   <\/p>\n\n<p>Tratamos datos personales como el nombre, los apellidos, la direcci\u00f3n de correo electr\u00f3nico y los datos de contenido del formulario de contacto.<\/p>\n\n<p>Solo tratamos datos personales con el permiso expreso de los usuarios afectados y de conformidad con la normativa aplicable sobre protecci\u00f3n de datos.<\/p>\n\n<p>Los datos personales se tratan sobre la base de nuestro inter\u00e9s leg\u00edtimo en el cumplimiento de nuestros servicios acordados contractualmente y en la optimizaci\u00f3n de nuestra oferta en l\u00ednea.<\/p>\n\n<h3 class=\"wp-block-heading\">Tratamiento de los datos de contacto<\/h3>\n\n<p>Si usted se pone en contacto con nosotros como operador del sitio web a trav\u00e9s de las opciones de contacto ofrecidas, sus datos se almacenar\u00e1n de modo que puedan utilizarse para procesar y responder a su consulta. <\/p>\n\n<p>Estos datos no se transmitir\u00e1n a terceros sin su consentimiento. <\/p>\n\n<h3 class=\"wp-block-heading\">Formulario de contacto<\/h3>\n\n<p>Cuando usted se ponga en contacto con nosotros por correo electr\u00f3nico o a trav\u00e9s del formulario de contacto, almacenaremos sus datos para responder a sus preguntas. Si utiliza el formulario de contacto del sitio web, necesitamos una direcci\u00f3n de correo electr\u00f3nico v\u00e1lida y su nombre y apellidos. Estos campos est\u00e1n marcados con un asterisco como obligatorios. No se recoge ning\u00fan otro dato. Los datos se almacenan \u00fanicamente con el fin de responder a su consulta.    <\/p>\n\n<h3 class=\"wp-block-heading\">Suscripci\u00f3n al bolet\u00edn<\/h3>\n\n<p>El operador del sitio web le ofrece un bolet\u00edn en el que le informa sobre eventos y ofertas actuales. Si desea suscribirse al bolet\u00edn, debe proporcionar una direcci\u00f3n de correo electr\u00f3nico v\u00e1lida. Si se suscribe al bolet\u00edn, acepta recibirlo y los procedimientos explicados.  <\/p>\n\n<h3 class=\"wp-block-heading\">El bolet\u00edn informativo es enviado por el operador del sitio web.<\/h3>\n\n<p>Revocaci\u00f3n y cancelaci\u00f3n: Puede revocar su consentimiento para recibir el bolet\u00edn en cualquier momento y, por lo tanto, cancelar su suscripci\u00f3n. Tras la cancelaci\u00f3n, se eliminar\u00e1n sus datos personales. Su consentimiento para recibir el bolet\u00edn caducar\u00e1 al mismo tiempo. Encontrar\u00e1 el enlace de cancelaci\u00f3n al final de cada bolet\u00edn.   <\/p>\n\n<h3 class=\"wp-block-heading\">Derechos del usuario<\/h3>\n\n<p>Como usuario, usted tiene derecho a solicitar informaci\u00f3n gratuita sobre qu\u00e9 datos personales se han almacenado sobre usted. Tambi\u00e9n tiene derecho a la rectificaci\u00f3n de datos incorrectos y a la limitaci\u00f3n o eliminaci\u00f3n del tratamiento de sus datos personales. Si procede, tambi\u00e9n puede hacer valer su derecho a la portabilidad de los datos. Si cree que sus datos han sido tratados ilegalmente, puede presentar una reclamaci\u00f3n ante la autoridad de control competente.   <\/p>\n\n<h3 class=\"wp-block-heading\">Eliminaci\u00f3n de datos<\/h3>\n\n<p>A menos que su solicitud entre en conflicto con una obligaci\u00f3n legal de conservar datos (por ejemplo, retenci\u00f3n de datos), usted tiene derecho a que se eliminen sus datos. Los datos almacenados por nosotros se eliminar\u00e1n si ya no son necesarios para los fines previstos y no existen periodos de conservaci\u00f3n legales. Si no puede llevarse a cabo la supresi\u00f3n porque los datos son necesarios para fines legales autorizados, se restringir\u00e1 el tratamiento de los datos. En este caso, los datos se bloquear\u00e1n y no se tratar\u00e1n para otros fines.   <\/p>\n\n<h3 class=\"wp-block-heading\">Derecho de oposici\u00f3n<\/h3>\n\n<p>Los usuarios de este sitio web pueden ejercer su derecho de oposici\u00f3n y oponerse al tratamiento de sus datos personales en cualquier momento.<\/p>\n\n<p>Si desea una rectificaci\u00f3n, bloqueo, eliminaci\u00f3n o informaci\u00f3n sobre los datos personales almacenados sobre usted, o si tiene preguntas sobre la recogida, el tratamiento o el uso de sus datos personales, o si desea revocar su consentimiento, p\u00f3ngase en contacto con la siguiente direcci\u00f3n de correo electr\u00f3nico: <a href=\"mailto:info@jt-solarbau.de\">info@jt-solarbau.de<\/a><\/p>\n\t\t\t\t\t\t\t\t<\/div>\n\t\t\t\t\t<\/div>\n\t\t\t\t<\/div>\n\t\t\t\t<\/div>\n\t\t","protected":false},"excerpt":{"rendered":"<p>Protecci\u00f3n de datos Informaci\u00f3n general La presente pol\u00edtica de privacidad tiene por objeto informar a los usuarios de este sitio web sobre el tipo, el alcance y la finalidad de la recogida y el uso de datos personales por parte del operador del sitio web, Javier Pastor Teverga. El operador del sitio web se toma [&hellip;]<\/p>\n","protected":false},"author":1,"featured_media":0,"parent":0,"menu_order":0,"comment_status":"closed","ping_status":"closed","template":"","meta":{"footnotes":""},"class_list":["post-1305","page","type-page","status-publish","hentry"],"_links":{"self":[{"href":"https:\/\/jt-solarbau.de\/es\/wp-json\/wp\/v2\/pages\/1305","targetHints":{"allow":["GET"]}}],"collection":[{"href":"https:\/\/jt-solarbau.de\/es\/wp-json\/wp\/v2\/pages"}],"about":[{"href":"https:\/\/jt-solarbau.de\/es\/wp-json\/wp\/v2\/types\/page"}],"author":[{"embeddable":true,"href":"https:\/\/jt-solarbau.de\/es\/wp-json\/wp\/v2\/users\/1"}],"replies":[{"embeddable":true,"href":"https:\/\/jt-solarbau.de\/es\/wp-json\/wp\/v2\/comments?post=1305"}],"version-history":[{"count":11,"href":"https:\/\/jt-solarbau.de\/es\/wp-json\/wp\/v2\/pages\/1305\/revisions"}],"predecessor-version":[{"id":1615,"href":"https:\/\/jt-solarbau.de\/es\/wp-json\/wp\/v2\/pages\/1305\/revisions\/1615"}],"wp:attachment":[{"href":"https:\/\/jt-solarbau.de\/es\/wp-json\/wp\/v2\/media?parent=1305"}],"curies":[{"name":"wp","href":"https:\/\/api.w.org\/{rel}","templated":true}]}}