{"id":1579,"date":"2025-08-20T16:26:29","date_gmt":"2025-08-20T14:26:29","guid":{"rendered":"https:\/\/jt-solarbau.de\/sobre-nosotros\/"},"modified":"2026-02-27T09:12:03","modified_gmt":"2026-02-27T08:12:03","slug":"sobre-nosotros","status":"publish","type":"page","link":"https:\/\/jt-solarbau.de\/es\/sobre-nosotros\/","title":{"rendered":"Sobre nosotros"},"content":{"rendered":"\t\t<div data-elementor-type=\"wp-page\" data-elementor-id=\"1579\" class=\"elementor elementor-1579 elementor-471\" data-elementor-post-type=\"page\">\n\t\t\t\t<div class=\"elementor-element elementor-element-7111a26 e-flex e-con-boxed e-con e-parent\" data-id=\"7111a26\" data-element_type=\"container\" data-e-type=\"container\" data-settings=\"{&quot;background_background&quot;:&quot;classic&quot;}\">\n\t\t\t\t\t<div class=\"e-con-inner\">\n\t\t<div class=\"elementor-element elementor-element-b2764ca e-con-full e-flex e-con e-child\" data-id=\"b2764ca\" data-element_type=\"container\" data-e-type=\"container\">\n\t\t<div class=\"elementor-element elementor-element-f996f27 e-con-full e-flex e-con e-child\" data-id=\"f996f27\" data-element_type=\"container\" data-e-type=\"container\">\n\t\t\t\t<div class=\"elementor-element elementor-element-7e26766 elementor-widget elementor-widget-text-editor\" data-id=\"7e26766\" data-element_type=\"widget\" data-e-type=\"widget\" data-widget_type=\"text-editor.default\">\n\t\t\t\t\t\t\t\t\t<p>Sobre nosotros<\/p>\t\t\t\t\t\t\t\t<\/div>\n\t\t\t\t<div class=\"elementor-element elementor-element-11a9af2 elementor-widget__width-inherit elementor-widget-tablet__width-inherit elementor-widget-mobile__width-inherit elementor-widget elementor-widget-heading\" data-id=\"11a9af2\" data-element_type=\"widget\" data-e-type=\"widget\" data-widget_type=\"heading.default\">\n\t\t\t\t\t<h1 class=\"elementor-heading-title elementor-size-default\">Su socio para la energ\u00eda solar.<\/h1>\t\t\t\t<\/div>\n\t\t\t\t<div class=\"elementor-element elementor-element-9cea7fe elementor-widget__width-inherit elementor-widget-tablet__width-initial elementor-widget-mobile__width-inherit elementor-widget elementor-widget-text-editor\" data-id=\"9cea7fe\" data-element_type=\"widget\" data-e-type=\"widget\" data-widget_type=\"text-editor.default\">\n\t\t\t\t\t\t\t\t\t<p>Como empresa especializada dirigida por sus propietarios, planificamos e instalamos sistemas fotovoltaicos a medida para clientes particulares y empresas en Alemania y en toda Europa. Combinamos la precisi\u00f3n artesanal con la convicci\u00f3n de que la energ\u00eda solar es el camino hacia un futuro m\u00e1s independiente y sostenible. <\/p>\t\t\t\t\t\t\t\t<\/div>\n\t\t\t\t<\/div>\n\t\t\t\t<\/div>\n\t\t\t\t\t<\/div>\n\t\t\t\t<\/div>\n\t\t<div class=\"elementor-element elementor-element-cfea654 e-flex e-con-boxed e-con e-parent\" data-id=\"cfea654\" data-element_type=\"container\" data-e-type=\"container\" data-settings=\"{&quot;background_background&quot;:&quot;classic&quot;}\">\n\t\t\t\t\t<div class=\"e-con-inner\">\n\t\t\t\t<div class=\"elementor-element elementor-element-c251570 elementor-widget elementor-widget-heading\" data-id=\"c251570\" data-element_type=\"widget\" data-e-type=\"widget\" data-widget_type=\"heading.default\">\n\t\t\t\t\t<h1 class=\"elementor-heading-title elementor-size-default\">Construimos para el futuro<\/h1>\t\t\t\t<\/div>\n\t\t\t\t<div class=\"elementor-element elementor-element-7626c5f elementor-widget-divider--view-line elementor-widget elementor-widget-divider\" data-id=\"7626c5f\" data-element_type=\"widget\" data-e-type=\"widget\" data-widget_type=\"divider.default\">\n\t\t\t\t\t\t\t<div class=\"elementor-divider\">\n\t\t\t<span class=\"elementor-divider-separator\">\n\t\t\t\t\t\t<\/span>\n\t\t<\/div>\n\t\t\t\t\t\t<\/div>\n\t\t\t\t<div class=\"elementor-element elementor-element-df89a24 elementor-widget elementor-widget-text-editor\" data-id=\"df89a24\" data-element_type=\"widget\" data-e-type=\"widget\" data-widget_type=\"text-editor.default\">\n\t\t\t\t\t\t\t\t\t<p>JT Solarbau GmbH, empresa dirigida por sus propietarios, ofrece soluciones integrales profesionales y personalizadas para su instalaci\u00f3n fotovoltaica en Alemania y en toda Europa. Ya hemos planificado e instalado con \u00e9xito cientos de sistemas fotovoltaicos. <\/p><p>\u00bfPor qu\u00e9 tantos clientes eligen a nuestro equipo como socio? Porque asumimos el proyecto de principio a fin: desde la planificaci\u00f3n y la gesti\u00f3n de tr\u00e1mites y documentaci\u00f3n, hasta la instalaci\u00f3n, las inspecciones, el servicio y la monitorizaci\u00f3n \u2014 todo desde un \u00fanico proveedor y con personal propio. <\/p><p>Como fundadores de JT Solarbau GmbH, llevamos muchos a\u00f1os dedicados al aprovechamiento econ\u00f3mico de la energ\u00eda solar y contamos con numerosos clientes satisfechos de los sectores residencial, empresarial, agr\u00edcola y p\u00fablico.<\/p><p>Si valora un servicio excelente, un interlocutor personal, asesoramiento individual y soluciones a medida en el \u00e1mbito de la energ\u00eda solar y la rehabilitaci\u00f3n de cubiertas, con JT Solarbau tendr\u00e1 a su lado un socio s\u00f3lido y fiable. <\/p><p>Construimos para el futuro.<\/p>\t\t\t\t\t\t\t\t<\/div>\n\t\t\t\t\t<\/div>\n\t\t\t\t<\/div>\n\t\t<div class=\"elementor-element elementor-element-abce5ae e-flex e-con-boxed e-con e-parent\" data-id=\"abce5ae\" data-element_type=\"container\" data-e-type=\"container\" data-settings=\"{&quot;background_background&quot;:&quot;classic&quot;}\">\n\t\t\t\t\t<div class=\"e-con-inner\">\n\t\t\t\t<div class=\"elementor-element elementor-element-b12cd9b elementor-widget elementor-widget-heading\" data-id=\"b12cd9b\" data-element_type=\"widget\" data-e-type=\"widget\" data-widget_type=\"heading.default\">\n\t\t\t\t\t<h2 class=\"elementor-heading-title elementor-size-default\">Su persona de contacto\n<\/h2>\t\t\t\t<\/div>\n\t\t\t\t<div class=\"elementor-element elementor-element-a9e2055 elementor-widget-divider--view-line elementor-widget elementor-widget-divider\" data-id=\"a9e2055\" data-element_type=\"widget\" data-e-type=\"widget\" data-widget_type=\"divider.default\">\n\t\t\t\t\t\t\t<div class=\"elementor-divider\">\n\t\t\t<span class=\"elementor-divider-separator\">\n\t\t\t\t\t\t<\/span>\n\t\t<\/div>\n\t\t\t\t\t\t<\/div>\n\t\t\t\t<div class=\"elementor-element elementor-element-8045974 elementor-widget__width-inherit elementor-widget-tablet__width-initial elementor-widget-mobile__width-inherit elementor-widget elementor-widget-text-editor\" data-id=\"8045974\" data-element_type=\"widget\" data-e-type=\"widget\" data-widget_type=\"text-editor.default\">\n\t\t\t\t\t\t\t\t\t<p>Detr\u00e1s de JT Solarbau hay un equipo estable de asesores, planificadores e instaladores con amplia experiencia. Llevamos muchos a\u00f1os trabajando intensamente con fotovoltaica y ya hemos conectado con \u00e9xito cientos de sistemas a la red.<br>Su ventaja: con nosotros obtiene su instalaci\u00f3n fotovoltaica de un \u00fanico proveedor. As\u00ed garantizamos que todo \u2014desde la primera consulta hasta la recepci\u00f3n final\u2014 cumpla nuestros elevados est\u00e1ndares de calidad y que siempre disponga de un interlocutor directo.   <\/p>\t\t\t\t\t\t\t\t<\/div>\n\t\t\t\t<div class=\"elementor-element elementor-element-d71ec19 elementor-position-left elementor-vertical-align-middle elementor-position-top elementor-widget elementor-widget-image-box\" data-id=\"d71ec19\" data-element_type=\"widget\" data-e-type=\"widget\" data-widget_type=\"image-box.default\">\n\t\t\t\t\t<div class=\"elementor-image-box-wrapper\"><figure class=\"elementor-image-box-img\"><img fetchpriority=\"high\" decoding=\"async\" width=\"405\" height=\"563\" src=\"https:\/\/jt-solarbau.de\/wp-content\/uploads\/2025\/10\/kubitzek_thomas_foto.webp\" class=\"attachment-full size-full wp-image-1582\" alt=\"\" srcset=\"https:\/\/jt-solarbau.de\/wp-content\/uploads\/2025\/10\/kubitzek_thomas_foto.webp 405w, https:\/\/jt-solarbau.de\/wp-content\/uploads\/2025\/10\/kubitzek_thomas_foto-216x300.webp 216w\" sizes=\"(max-width: 405px) 100vw, 405px\" \/><\/figure><div class=\"elementor-image-box-content\"><p class=\"elementor-image-box-title\">Thomas Kubitzek<\/p><p class=\"elementor-image-box-description\">Jefe de Operaciones<br><br><i>\u201cLe acompa\u00f1o desde la primera evaluaci\u00f3n hasta la puesta en marcha y m\u00e1s all\u00e1 \u2014 con documentaci\u00f3n clara y respuestas honestas.\u201d<\/i><\/p><\/div><\/div>\t\t\t\t<\/div>\n\t\t\t\t\t<\/div>\n\t\t\t\t<\/div>\n\t\t<div class=\"elementor-element elementor-element-915c065 e-flex e-con-boxed e-con e-parent\" data-id=\"915c065\" data-element_type=\"container\" data-e-type=\"container\" data-settings=\"{&quot;background_background&quot;:&quot;classic&quot;}\">\n\t\t\t\t\t<div class=\"e-con-inner\">\n\t\t\t\t<div class=\"elementor-element elementor-element-34225e2 elementor-widget elementor-widget-heading\" data-id=\"34225e2\" data-element_type=\"widget\" data-e-type=\"widget\" data-widget_type=\"heading.default\">\n\t\t\t\t\t<h2 class=\"elementor-heading-title elementor-size-default\">Un socio para todo su proyecto<\/h2>\t\t\t\t<\/div>\n\t\t\t\t<div class=\"elementor-element elementor-element-e36bc75 elementor-widget-divider--view-line elementor-widget elementor-widget-divider\" data-id=\"e36bc75\" data-element_type=\"widget\" data-e-type=\"widget\" data-widget_type=\"divider.default\">\n\t\t\t\t\t\t\t<div class=\"elementor-divider\">\n\t\t\t<span class=\"elementor-divider-separator\">\n\t\t\t\t\t\t<\/span>\n\t\t<\/div>\n\t\t\t\t\t\t<\/div>\n\t\t\t\t<div class=\"elementor-element elementor-element-8b1da85 elementor-widget elementor-widget-text-editor\" data-id=\"8b1da85\" data-element_type=\"widget\" data-e-type=\"widget\" data-widget_type=\"text-editor.default\">\n\t\t\t\t\t\t\t\t\t<p>Queremos que el camino hacia su propia instalaci\u00f3n solar sea lo m\u00e1s sencillo posible. Por eso hemos desarrollado un proceso claro y nos encargamos de los pasos clave por usted: <\/p>\t\t\t\t\t\t\t\t<\/div>\n\t\t\t\t<div class=\"elementor-element elementor-element-b7247a1 elementor-position-inline-start elementor-view-default elementor-mobile-position-block-start elementor-widget elementor-widget-icon-box\" data-id=\"b7247a1\" data-element_type=\"widget\" data-e-type=\"widget\" data-widget_type=\"icon-box.default\">\n\t\t\t\t\t\t\t<div class=\"elementor-icon-box-wrapper\">\n\n\t\t\t\t\t\t<div class=\"elementor-icon-box-icon\">\n\t\t\t\t<span  class=\"elementor-icon\">\n\t\t\t\t<svg xmlns=\"http:\/\/www.w3.org\/2000\/svg\" id=\"Layer_1\" data-name=\"Layer 1\" viewBox=\"0 0 24 24\"><path d=\"M20,2.5H4A2.50294,2.50294,0,0,0,1.5,5V21a.5.5,0,0,0,.85352.35352L6.207,17.5H20A2.50294,2.50294,0,0,0,22.5,15V5A2.50294,2.50294,0,0,0,20,2.5ZM21.5,15A1.50164,1.50164,0,0,1,20,16.5H6a.49965.49965,0,0,0-.35352.14648L2.5,19.793V5A1.50164,1.50164,0,0,1,4,3.5H20A1.50164,1.50164,0,0,1,21.5,5Z\"><\/path><\/svg>\t\t\t\t<\/span>\n\t\t\t<\/div>\n\t\t\t\n\t\t\t\t\t\t<div class=\"elementor-icon-box-content\">\n\n\t\t\t\t\t\t\t\t\t<p class=\"elementor-icon-box-title\">\n\t\t\t\t\t\t<span  >\n\t\t\t\t\t\t\tAsesoramiento\t\t\t\t\t\t<\/span>\n\t\t\t\t\t<\/p>\n\t\t\t\t\n\t\t\t\t\t\t\t\t\t<p class=\"elementor-icon-box-description\">\n\t\t\t\t\t\tEstaremos encantados de responder a sus preguntas en una primera consulta gratuita.\n<br>Por ejemplo: \u00bfqu\u00e9 tama\u00f1o de instalaci\u00f3n es econ\u00f3micamente razonable? \u00bfEs su cubierta adecuada para una instalaci\u00f3n fotovoltaica? \u00bfC\u00f3mo se puede optimizar el autoconsumo? Podemos ayudarle.  \t\t\t\t\t<\/p>\n\t\t\t\t\n\t\t\t<\/div>\n\t\t\t\n\t\t<\/div>\n\t\t\t\t\t\t<\/div>\n\t\t\t\t<div class=\"elementor-element elementor-element-b995ed0 elementor-position-inline-start elementor-view-default elementor-mobile-position-block-start elementor-widget elementor-widget-icon-box\" data-id=\"b995ed0\" data-element_type=\"widget\" data-e-type=\"widget\" data-widget_type=\"icon-box.default\">\n\t\t\t\t\t\t\t<div class=\"elementor-icon-box-wrapper\">\n\n\t\t\t\t\t\t<div class=\"elementor-icon-box-icon\">\n\t\t\t\t<span  class=\"elementor-icon\">\n\t\t\t\t<svg xmlns=\"http:\/\/www.w3.org\/2000\/svg\" id=\"a\" width=\"24\" height=\"24\" viewBox=\"0 0 24 24\"><path d=\"M22.0001,17.5002h-3.5v-.5c0-.5347-.167-1.0449-.4824-1.4766v-.0005c-1.0068-1.3726-1.5176-2.7402-1.5176-4.0649v-.1982c0-4.0649-3.0557-7.4648-6.957-7.7402-2.1787-.1592-4.3086,.6392-5.8457,2.1768-1.5381,1.5376-2.332,3.6689-2.1787,5.8467,.2754,3.9014,3.6758,6.957,7.7412,6.957h12.2402v1.5c0,.2764,.2236,.5,.5,.5s.5-.2236,.5-.5v-2c0-.2764-.2236-.5-.5-.5Zm-4.5,0H9.2598c-3.543,0-6.5049-2.6475-6.7432-6.0273-.1338-1.8887,.5547-3.7363,1.8877-5.0688,1.2227-1.2236,2.8799-1.9033,4.6055-1.9033,.1533,0,.3086,.0054,.4629,.0161,3.3799,.2388,6.0273,3.2007,6.0273,6.7432v.1982c0,1.542,.5752,3.1084,1.7109,4.6562,.1895,.2583,.2891,.5649,.2891,.8857v.5ZM9.0001,7.5002c-1.9297,0-3.5,1.5703-3.5,3.5s1.5703,3.5,3.5,3.5,3.5-1.5703,3.5-3.5-1.5703-3.5-3.5-3.5Zm0,6c-1.3789,0-2.5-1.1216-2.5-2.5s1.1211-2.5,2.5-2.5,2.5,1.1216,2.5,2.5-1.1211,2.5-2.5,2.5Z\"><\/path><\/svg>\t\t\t\t<\/span>\n\t\t\t<\/div>\n\t\t\t\n\t\t\t\t\t\t<div class=\"elementor-icon-box-content\">\n\n\t\t\t\t\t\t\t\t\t<p class=\"elementor-icon-box-title\">\n\t\t\t\t\t\t<span  >\n\t\t\t\t\t\t\tPlanificaci\u00f3n\t\t\t\t\t\t<\/span>\n\t\t\t\t\t<\/p>\n\t\t\t\t\n\t\t\t\t\t\t\t\t\t<p class=\"elementor-icon-box-description\">\n\t\t\t\t\t\tLa planificaci\u00f3n de un sistema fotovoltaico es un proceso complejo. Con nosotros, tendr\u00e1 a su lado un socio con experiencia que le guiar\u00e1 personalmente durante toda la fase de planificaci\u00f3n.\t\t\t\t\t<\/p>\n\t\t\t\t\n\t\t\t<\/div>\n\t\t\t\n\t\t<\/div>\n\t\t\t\t\t\t<\/div>\n\t\t\t\t<div class=\"elementor-element elementor-element-0226841 elementor-position-inline-start elementor-view-default elementor-mobile-position-block-start elementor-widget elementor-widget-icon-box\" data-id=\"0226841\" data-element_type=\"widget\" data-e-type=\"widget\" data-widget_type=\"icon-box.default\">\n\t\t\t\t\t\t\t<div class=\"elementor-icon-box-wrapper\">\n\n\t\t\t\t\t\t<div class=\"elementor-icon-box-icon\">\n\t\t\t\t<span  class=\"elementor-icon\">\n\t\t\t\t<svg xmlns=\"http:\/\/www.w3.org\/2000\/svg\" id=\"a\" width=\"24\" height=\"24\" viewBox=\"0 0 24 24\"><path d=\"M20.333,1.4999h-7.5459C7.999,1.4999,3.6943,4.1601,1.5527,8.4428c-.0771,.1548-.0693,.3389,.0215,.4863,.0918,.1475,.2529,.2373,.4258,.2373h3.333c1.5594,0,2.8279,1.2662,2.8331,2.8244l-.713,9.9734c-.0195,.2754,.1875,.5146,.4629,.5342,.2773,.0225,.5146-.187,.5352-.4629l.6816-9.5356h5.7344l.6816,9.5356c.0195,.2632,.2383,.4644,.498,.4644,.0127,0,.0244-.0005,.0371-.0015,.2754-.0195,.4824-.2588,.4629-.5342l-.713-9.9734c.0051-1.5582,1.2737-2.8244,2.8331-2.8244h1.666c1.1953,0,2.167-.9717,2.167-2.1665V3.6664c0-1.1948-.9717-2.1665-2.167-2.1665Zm1.167,5.5c0,.6431-.5234,1.1665-1.167,1.1665h-1.666c-1.9443,0-3.5557,1.4551-3.8018,3.3335h-5.7305c-.2461-1.8784-1.8574-3.3335-3.8018-3.3335H2.8408c2.0762-3.5156,5.8154-5.6665,9.9463-5.6665h7.5459c.6436,0,1.167,.5234,1.167,1.1665v3.3335Z\"><\/path><\/svg>\t\t\t\t<\/span>\n\t\t\t<\/div>\n\t\t\t\n\t\t\t\t\t\t<div class=\"elementor-icon-box-content\">\n\n\t\t\t\t\t\t\t\t\t<p class=\"elementor-icon-box-title\">\n\t\t\t\t\t\t<span  >\n\t\t\t\t\t\t\tInstalaci\u00f3n\t\t\t\t\t\t<\/span>\n\t\t\t\t\t<\/p>\n\t\t\t\t\n\t\t\t\t\t\t\t\t\t<p class=\"elementor-icon-box-description\">\n\t\t\t\t\t\tDesde la evaluaci\u00f3n in situ y el an\u00e1lisis de rendimiento hasta la puesta en marcha: JT Solarbau ejecuta su instalaci\u00f3n fotovoltaica con competencia, experiencia, m\u00e1xima eficiencia y fiabilidad.\t\t\t\t\t<\/p>\n\t\t\t\t\n\t\t\t<\/div>\n\t\t\t\n\t\t<\/div>\n\t\t\t\t\t\t<\/div>\n\t\t\t\t<div class=\"elementor-element elementor-element-7213639 elementor-button-default elementor-align-left elementor-widget elementor-widget-button\" data-id=\"7213639\" data-element_type=\"widget\" data-e-type=\"widget\" data-widget_type=\"button.default\">\n\t\t\t\t\t\t\t\t\t\t<a class=\"elementor-button elementor-button-link elementor-size-md\" href=\"https:\/\/jt-solarbau.de\/es\/servicios\/\">\n\t\t\t\t\t\t<span class=\"elementor-button-content-wrapper\">\n\t\t\t\t\t\t\t\t\t<span class=\"elementor-button-text\">M\u00e1s sobre nuestros servicios<\/span>\n\t\t\t\t\t<\/span>\n\t\t\t\t\t<\/a>\n\t\t\t\t\t\t\t\t<\/div>\n\t\t\t\t\t<\/div>\n\t\t\t\t<\/div>\n\t\t<div class=\"elementor-element elementor-element-8210c7b e-flex e-con-boxed e-con e-parent\" data-id=\"8210c7b\" data-element_type=\"container\" data-e-type=\"container\" data-settings=\"{&quot;background_background&quot;:&quot;classic&quot;}\">\n\t\t\t\t\t<div class=\"e-con-inner\">\n\t\t\t\t<div class=\"elementor-element elementor-element-4051155 elementor-widget elementor-widget-heading\" data-id=\"4051155\" data-element_type=\"widget\" data-e-type=\"widget\" data-widget_type=\"heading.default\">\n\t\t\t\t\t<h2 class=\"elementor-heading-title elementor-size-default\">En qu\u00e9 puede confiar<\/h2>\t\t\t\t<\/div>\n\t\t\t\t<div class=\"elementor-element elementor-element-4418767 elementor-widget-divider--view-line elementor-widget elementor-widget-divider\" data-id=\"4418767\" data-element_type=\"widget\" data-e-type=\"widget\" data-widget_type=\"divider.default\">\n\t\t\t\t\t\t\t<div class=\"elementor-divider\">\n\t\t\t<span class=\"elementor-divider-separator\">\n\t\t\t\t\t\t<\/span>\n\t\t<\/div>\n\t\t\t\t\t\t<\/div>\n\t\t<div class=\"elementor-element elementor-element-e66a847 e-grid e-con-full e-con e-child\" data-id=\"e66a847\" data-element_type=\"container\" data-e-type=\"container\">\n\t\t\t\t<div class=\"elementor-element elementor-element-61ec843 elementor-view-default elementor-position-block-start elementor-mobile-position-block-start elementor-widget elementor-widget-icon-box\" data-id=\"61ec843\" data-element_type=\"widget\" data-e-type=\"widget\" data-widget_type=\"icon-box.default\">\n\t\t\t\t\t\t\t<div class=\"elementor-icon-box-wrapper\">\n\n\t\t\t\t\t\t<div class=\"elementor-icon-box-icon\">\n\t\t\t\t<span  class=\"elementor-icon\">\n\t\t\t\t<svg xmlns=\"http:\/\/www.w3.org\/2000\/svg\" id=\"Layer_1\" data-name=\"Layer 1\" viewBox=\"0 0 24 24\"><path d=\"M12,1.5A10.5,10.5,0,1,0,22.5,12,10.51211,10.51211,0,0,0,12,1.5Zm0,20A9.5,9.5,0,1,1,21.5,12,9.51081,9.51081,0,0,1,12,21.5ZM16.5,12a.49971.49971,0,0,1-.5.5H12.5V16a.5.5,0,0,1-1,0V12.5H8a.5.5,0,0,1,0-1h3.5V8a.5.5,0,0,1,1,0v3.5H16A.49971.49971,0,0,1,16.5,12Z\"><\/path><\/svg>\t\t\t\t<\/span>\n\t\t\t<\/div>\n\t\t\t\n\t\t\t\t\t\t<div class=\"elementor-icon-box-content\">\n\n\t\t\t\t\t\t\t\t\t<h3 class=\"elementor-icon-box-title\">\n\t\t\t\t\t\t<span  >\n\t\t\t\t\t\t\tCalidad\t\t\t\t\t\t<\/span>\n\t\t\t\t\t<\/h3>\n\t\t\t\t\n\t\t\t\t\t\t\t\t\t<p class=\"elementor-icon-box-description\">\n\t\t\t\t\t\tUtilizamos exclusivamente componentes de alta calidad y larga durabilidad, de fabricantes contrastados.\t\t\t\t\t<\/p>\n\t\t\t\t\n\t\t\t<\/div>\n\t\t\t\n\t\t<\/div>\n\t\t\t\t\t\t<\/div>\n\t\t\t\t<div class=\"elementor-element elementor-element-38c3fec elementor-view-default elementor-position-block-start elementor-mobile-position-block-start elementor-widget elementor-widget-icon-box\" data-id=\"38c3fec\" data-element_type=\"widget\" data-e-type=\"widget\" data-widget_type=\"icon-box.default\">\n\t\t\t\t\t\t\t<div class=\"elementor-icon-box-wrapper\">\n\n\t\t\t\t\t\t<div class=\"elementor-icon-box-icon\">\n\t\t\t\t<span  class=\"elementor-icon\">\n\t\t\t\t<svg xmlns=\"http:\/\/www.w3.org\/2000\/svg\" id=\"Layer_1\" data-name=\"Layer 1\" viewBox=\"0 0 24 24\"><path d=\"M12,1.5A10.5,10.5,0,1,0,22.5,12,10.51211,10.51211,0,0,0,12,1.5Zm0,20A9.5,9.5,0,1,1,21.5,12,9.51081,9.51081,0,0,1,12,21.5ZM16.5,12a.49971.49971,0,0,1-.5.5H12.5V16a.5.5,0,0,1-1,0V12.5H8a.5.5,0,0,1,0-1h3.5V8a.5.5,0,0,1,1,0v3.5H16A.49971.49971,0,0,1,16.5,12Z\"><\/path><\/svg>\t\t\t\t<\/span>\n\t\t\t<\/div>\n\t\t\t\n\t\t\t\t\t\t<div class=\"elementor-icon-box-content\">\n\n\t\t\t\t\t\t\t\t\t<h3 class=\"elementor-icon-box-title\">\n\t\t\t\t\t\t<span  >\n\t\t\t\t\t\t\tTransparencia\t\t\t\t\t\t<\/span>\n\t\t\t\t\t<\/h3>\n\t\t\t\t\n\t\t\t\t\t\t\t\t\t<p class=\"elementor-icon-box-description\">\n\t\t\t\t\t\tNos comunicamos de forma abierta y honesta. Recibir\u00e1 ofertas claras y planificaciones comprensibles, sin costes ocultos. \t\t\t\t\t<\/p>\n\t\t\t\t\n\t\t\t<\/div>\n\t\t\t\n\t\t<\/div>\n\t\t\t\t\t\t<\/div>\n\t\t\t\t<div class=\"elementor-element elementor-element-52258bf elementor-view-default elementor-position-block-start elementor-mobile-position-block-start elementor-widget elementor-widget-icon-box\" data-id=\"52258bf\" data-element_type=\"widget\" data-e-type=\"widget\" data-widget_type=\"icon-box.default\">\n\t\t\t\t\t\t\t<div class=\"elementor-icon-box-wrapper\">\n\n\t\t\t\t\t\t<div class=\"elementor-icon-box-icon\">\n\t\t\t\t<span  class=\"elementor-icon\">\n\t\t\t\t<svg xmlns=\"http:\/\/www.w3.org\/2000\/svg\" id=\"Layer_1\" data-name=\"Layer 1\" viewBox=\"0 0 24 24\"><path d=\"M12,1.5A10.5,10.5,0,1,0,22.5,12,10.51211,10.51211,0,0,0,12,1.5Zm0,20A9.5,9.5,0,1,1,21.5,12,9.51081,9.51081,0,0,1,12,21.5ZM16.5,12a.49971.49971,0,0,1-.5.5H12.5V16a.5.5,0,0,1-1,0V12.5H8a.5.5,0,0,1,0-1h3.5V8a.5.5,0,0,1,1,0v3.5H16A.49971.49971,0,0,1,16.5,12Z\"><\/path><\/svg>\t\t\t\t<\/span>\n\t\t\t<\/div>\n\t\t\t\n\t\t\t\t\t\t<div class=\"elementor-icon-box-content\">\n\n\t\t\t\t\t\t\t\t\t<h3 class=\"elementor-icon-box-title\">\n\t\t\t\t\t\t<span  >\n\t\t\t\t\t\t\tColaboraci\u00f3n\t\t\t\t\t\t<\/span>\n\t\t\t\t\t<\/h3>\n\t\t\t\t\n\t\t\t\t\t\t\t\t\t<p class=\"elementor-icon-box-description\">\n\t\t\t\t\t\tActuamos como su socio de confianza. Un interlocutor personal acompa\u00f1a su proyecto de principio a fin. \t\t\t\t\t<\/p>\n\t\t\t\t\n\t\t\t<\/div>\n\t\t\t\n\t\t<\/div>\n\t\t\t\t\t\t<\/div>\n\t\t\t\t<\/div>\n\t\t\t\t\t<\/div>\n\t\t\t\t<\/div>\n\t\t<div class=\"elementor-element elementor-element-8fd7c70 e-flex e-con-boxed e-con e-parent\" data-id=\"8fd7c70\" data-element_type=\"container\" data-e-type=\"container\" data-settings=\"{&quot;background_background&quot;:&quot;classic&quot;}\">\n\t\t\t\t\t<div class=\"e-con-inner\">\n\t\t\t\t<div class=\"elementor-element elementor-element-ebd31ed elementor-widget__width-initial elementor-widget-mobile__width-inherit elementor-widget elementor-widget-heading\" data-id=\"ebd31ed\" data-element_type=\"widget\" data-e-type=\"widget\" data-widget_type=\"heading.default\">\n\t\t\t\t\t<h2 class=\"elementor-heading-title elementor-size-default\">Inicie su proyecto solar con nosotros<\/h2>\t\t\t\t<\/div>\n\t\t\t\t<div class=\"elementor-element elementor-element-a1fca98 elementor-widget elementor-widget-text-editor\" data-id=\"a1fca98\" data-element_type=\"widget\" data-e-type=\"widget\" data-widget_type=\"text-editor.default\">\n\t\t\t\t\t\t\t\t\t<p>\u00bfTiene alguna pregunta o desea hablar sobre su proyecto?<br>P\u00f3ngase en contacto con nosotros para una primera consulta sin compromiso. \u00a1Estaremos encantados de conocerle! <\/p>\t\t\t\t\t\t\t\t<\/div>\n\t\t\t\t<div class=\"elementor-element elementor-element-9c4bd5a elementor-mobile-align-center elementor-align-center elementor-widget elementor-widget-button\" data-id=\"9c4bd5a\" data-element_type=\"widget\" data-e-type=\"widget\" data-widget_type=\"button.default\">\n\t\t\t\t\t\t\t\t\t\t<a class=\"elementor-button elementor-button-link elementor-size-sm\" href=\"https:\/\/jt-solarbau.de\/es\/contacta-con-nosotros\/\">\n\t\t\t\t\t\t<span class=\"elementor-button-content-wrapper\">\n\t\t\t\t\t\t<span class=\"elementor-button-icon\">\n\t\t\t\t<svg aria-hidden=\"true\" class=\"e-font-icon-svg e-fas-chevron-right\" viewBox=\"0 0 320 512\" xmlns=\"http:\/\/www.w3.org\/2000\/svg\"><path d=\"M285.476 272.971L91.132 467.314c-9.373 9.373-24.569 9.373-33.941 0l-22.667-22.667c-9.357-9.357-9.375-24.522-.04-33.901L188.505 256 34.484 101.255c-9.335-9.379-9.317-24.544.04-33.901l22.667-22.667c9.373-9.373 24.569-9.373 33.941 0L285.475 239.03c9.373 9.372 9.373 24.568.001 33.941z\"><\/path><\/svg>\t\t\t<\/span>\n\t\t\t\t\t\t\t\t\t<span class=\"elementor-button-text\">Solicite una consulta gratuita<\/span>\n\t\t\t\t\t<\/span>\n\t\t\t\t\t<\/a>\n\t\t\t\t\t\t\t\t<\/div>\n\t\t\t\t\t<\/div>\n\t\t\t\t<\/div>\n\t\t\t\t<\/div>\n\t\t","protected":false},"excerpt":{"rendered":"<p>Sobre nosotros Su socio para la energ\u00eda solar. Como empresa especializada dirigida por sus propietarios, planificamos e instalamos sistemas fotovoltaicos a medida para clientes particulares y empresas en Alemania y en toda Europa. Combinamos la precisi\u00f3n artesanal con la convicci\u00f3n de que la energ\u00eda solar es el camino hacia un futuro m\u00e1s independiente y sostenible. [&hellip;]<\/p>\n","protected":false},"author":1,"featured_media":0,"parent":0,"menu_order":0,"comment_status":"closed","ping_status":"closed","template":"","meta":{"footnotes":""},"class_list":["post-1579","page","type-page","status-publish","hentry"],"_links":{"self":[{"href":"https:\/\/jt-solarbau.de\/es\/wp-json\/wp\/v2\/pages\/1579","targetHints":{"allow":["GET"]}}],"collection":[{"href":"https:\/\/jt-solarbau.de\/es\/wp-json\/wp\/v2\/pages"}],"about":[{"href":"https:\/\/jt-solarbau.de\/es\/wp-json\/wp\/v2\/types\/page"}],"author":[{"embeddable":true,"href":"https:\/\/jt-solarbau.de\/es\/wp-json\/wp\/v2\/users\/1"}],"replies":[{"embeddable":true,"href":"https:\/\/jt-solarbau.de\/es\/wp-json\/wp\/v2\/comments?post=1579"}],"version-history":[{"count":4,"href":"https:\/\/jt-solarbau.de\/es\/wp-json\/wp\/v2\/pages\/1579\/revisions"}],"predecessor-version":[{"id":1684,"href":"https:\/\/jt-solarbau.de\/es\/wp-json\/wp\/v2\/pages\/1579\/revisions\/1684"}],"wp:attachment":[{"href":"https:\/\/jt-solarbau.de\/es\/wp-json\/wp\/v2\/media?parent=1579"}],"curies":[{"name":"wp","href":"https:\/\/api.w.org\/{rel}","templated":true}]}}